{"id":1053,"date":"2025-06-06T19:38:40","date_gmt":"2025-06-06T19:38:40","guid":{"rendered":"https:\/\/tytyn.io\/?page_id=1053"},"modified":"2025-11-15T20:14:20","modified_gmt":"2025-11-15T20:14:20","slug":"mission","status":"publish","type":"page","link":"https:\/\/tytyn.io\/hu\/mission\/","title":{"rendered":"K\u00fcldet\u00e9s"},"content":{"rendered":"<div data-elementor-type=\"wp-page\" data-elementor-id=\"1053\" class=\"elementor elementor-1053\" data-elementor-post-type=\"page\">\n\t\t\t\t<div class=\"elementor-element elementor-element-733bb93 e-flex e-con-boxed e-con e-parent\" data-id=\"733bb93\" data-element_type=\"container\" data-settings=\"{&quot;background_background&quot;:&quot;classic&quot;}\">\n\t\t\t\t\t<div class=\"e-con-inner\">\n\t\t<div class=\"elementor-element elementor-element-8839444 e-con-full e-flex e-con e-child\" data-id=\"8839444\" data-element_type=\"container\">\n\t\t\t\t<div class=\"elementor-element elementor-element-be5ee28 elementor-invisible elementor-widget elementor-widget-heading\" data-id=\"be5ee28\" data-element_type=\"widget\" data-settings=\"{&quot;_animation&quot;:&quot;fadeInUp&quot;}\" data-widget_type=\"heading.default\">\n\t\t\t\t<div class=\"elementor-widget-container\">\n\t\t\t\t\t<h2 class=\"elementor-heading-title elementor-size-default\">K\u00fcldet\u00e9s \u00e9s filoz\u00f3fia<\/h2>\t\t\t\t<\/div>\n\t\t\t\t<\/div>\n\t\t\t\t<\/div>\n\t\t\t\t\t<\/div>\n\t\t\t\t<\/div>\n\t\t<div class=\"elementor-element elementor-element-394cf60 e-flex e-con-boxed e-con e-parent\" data-id=\"394cf60\" data-element_type=\"container\" data-settings=\"{&quot;background_background&quot;:&quot;classic&quot;}\">\n\t\t\t\t\t<div class=\"e-con-inner\">\n\t\t<div class=\"elementor-element elementor-element-854e6f0 e-con-full e-flex elementor-invisible e-con e-child\" data-id=\"854e6f0\" data-element_type=\"container\" data-settings=\"{&quot;animation&quot;:&quot;fadeInUp&quot;}\">\n\t\t\t\t<div class=\"elementor-element elementor-element-92f792b elementor-widget elementor-widget-heading\" data-id=\"92f792b\" data-element_type=\"widget\" data-widget_type=\"heading.default\">\n\t\t\t\t<div class=\"elementor-widget-container\">\n\t\t\t\t\t<h2 class=\"elementor-heading-title elementor-size-default\">K\u00fcldet\u00e9s<\/h2>\t\t\t\t<\/div>\n\t\t\t\t<\/div>\n\t\t\t\t<div class=\"elementor-element elementor-element-21baad37 elementor-widget elementor-widget-heading\" data-id=\"21baad37\" data-element_type=\"widget\" data-widget_type=\"heading.default\">\n\t\t\t\t<div class=\"elementor-widget-container\">\n\t\t\t\t\t<h2 class=\"elementor-heading-title elementor-size-default\"><b>TYTYN<\/b> kommunik\u00e1ci\u00f3s \u00e9s intelligenci\u00e1t biztos\u00edt az \u00e9lek sz\u00e1m\u00e1ra - kompakt, biztons\u00e1gos \u00e9s rugalmas.<\/h2>\t\t\t\t<\/div>\n\t\t\t\t<\/div>\n\t\t\t\t<\/div>\n\t\t<div class=\"elementor-element elementor-element-132c02f e-con-full e-flex elementor-invisible e-con e-child\" data-id=\"132c02f\" data-element_type=\"container\" data-settings=\"{&quot;animation&quot;:&quot;fadeInUp&quot;,&quot;animation_delay&quot;:200}\">\n\t\t\t\t<div class=\"elementor-element elementor-element-6cafe669 elementor-widget-mobile__width-inherit elementor-widget elementor-widget-text-editor\" data-id=\"6cafe669\" data-element_type=\"widget\" data-widget_type=\"text-editor.default\">\n\t\t\t\t<div class=\"elementor-widget-container\">\n\t\t\t\t\t\t\t\t\t<p><span style=\"font-weight: 400;\">Platformunk k\u00f6z\u00e9ppontj\u00e1ban egy egyszer\u0171 \u00f6tlet \u00e1ll: <strong>TYTYN<\/strong> a term\u00e9keknek a val\u00f3s felhaszn\u00e1l\u00f3i ig\u00e9nyekre kell \u00e9p\u00fclni\u00fck.<\/span><\/p><p><span style=\"font-weight: 400;\">Platformjaink a sz\u00e1m\u00edt\u00e1st, a mesters\u00e9ges intelligenci\u00e1t \u00e9s a kommunik\u00e1ci\u00f3t k\u00f6nny\u0171, k\u00f6nnyen haszn\u00e1lhat\u00f3 rendszerekk\u00e9 \u00f6tv\u00f6zik, amelyek percek alatt telep\u00edthet\u0151k, \u00e9s a vil\u00e1g legig\u00e9nyesebb k\u00f6rnyezet\u00e9ben is m\u0171k\u00f6dnek.<\/span><\/p>\t\t\t\t\t\t\t\t<\/div>\n\t\t\t\t<\/div>\n\t\t\t\t<\/div>\n\t\t\t\t\t<\/div>\n\t\t\t\t<\/div>\n\t\t<div class=\"elementor-element elementor-element-4342b59 e-flex e-con-boxed e-con e-parent\" data-id=\"4342b59\" data-element_type=\"container\" data-settings=\"{&quot;background_background&quot;:&quot;classic&quot;}\">\n\t\t\t\t\t<div class=\"e-con-inner\">\n\t\t<div class=\"elementor-element elementor-element-761e5a4 e-con-full e-flex elementor-invisible e-con e-child\" data-id=\"761e5a4\" data-element_type=\"container\" data-settings=\"{&quot;animation&quot;:&quot;fadeInUp&quot;}\">\n\t\t\t\t<div class=\"elementor-element elementor-element-1cfbcae elementor-widget elementor-widget-heading\" data-id=\"1cfbcae\" data-element_type=\"widget\" data-widget_type=\"heading.default\">\n\t\t\t\t<div class=\"elementor-widget-container\">\n\t\t\t\t\t<h2 class=\"elementor-heading-title elementor-size-default\">Mit csin\u00e1lunk\n<\/h2>\t\t\t\t<\/div>\n\t\t\t\t<\/div>\n\t\t\t\t<\/div>\n\t\t\t\t<div class=\"elementor-element elementor-element-18c66df elementor-widget-mobile__width-inherit elementor-widget elementor-widget-text-editor\" data-id=\"18c66df\" data-element_type=\"widget\" data-widget_type=\"text-editor.default\">\n\t\t\t\t<div class=\"elementor-widget-container\">\n\t\t\t\t\t\t\t\t\t<p><span style=\"font-weight: 400;\">Ak\u00e1r a frontvonalon, ak\u00e1r egy intelligens v\u00e1rosi h\u00e1l\u00f3zatban, <\/span><b>TYTYN<\/b><span style=\"font-weight: 400;\"> a d\u00f6nt\u00e9shozatali hatalmat a sz\u00fcks\u00e9ghelyzetbe hozza.<\/span><\/p><p><span style=\"font-weight: 400;\">Agilis, biztons\u00e1gos, nagy teljes\u00edtm\u00e9ny\u0171 rendszereket \u00e9p\u00edt\u00fcnk a sz\u00e9leken t\u00f6rt\u00e9n\u0151 m\u0171veletekhez - a technol\u00f3gi\u00e1t egyre messzebbre \u00e9s messzebbre vissz\u00fck.<\/span><\/p><p><span style=\"font-weight: 400;\">Cser\u00e9lhet\u0151 sz\u00e1m\u00edt\u00f3k\u00e1rty\u00e1ink \u00e9s robusztus AI-platformjaink val\u00f3s idej\u0171 intelligenci\u00e1t \u00e9s telep\u00edthet\u0151 kommunik\u00e1ci\u00f3t tesznek lehet\u0151v\u00e9 - a hagyom\u00e1nyos IT-infrastrukt\u00fara t\u00f6mege \u00e9s bonyolults\u00e1ga n\u00e9lk\u00fcl.<\/span><\/p>\t\t\t\t\t\t\t\t<\/div>\n\t\t\t\t<\/div>\n\t\t\t\t\t<\/div>\n\t\t\t\t<\/div>\n\t\t<div class=\"elementor-element elementor-element-4c563f9 e-flex e-con-boxed e-con e-parent\" data-id=\"4c563f9\" data-element_type=\"container\" data-settings=\"{&quot;background_background&quot;:&quot;classic&quot;}\">\n\t\t\t\t\t<div class=\"e-con-inner\">\n\t\t<div class=\"elementor-element elementor-element-cacdeff e-con-full e-flex elementor-invisible e-con e-child\" data-id=\"cacdeff\" data-element_type=\"container\" data-settings=\"{&quot;animation&quot;:&quot;fadeInUp&quot;}\">\n\t\t\t\t<div class=\"elementor-element elementor-element-33bd40f elementor-widget elementor-widget-heading\" data-id=\"33bd40f\" data-element_type=\"widget\" data-widget_type=\"heading.default\">\n\t\t\t\t<div class=\"elementor-widget-container\">\n\t\t\t\t\t<h2 class=\"elementor-heading-title elementor-size-default\">Filoz\u00f3fi\u00e1nk<\/h2>\t\t\t\t<\/div>\n\t\t\t\t<\/div>\n\t\t\t\t<\/div>\n\t\t<div class=\"elementor-element elementor-element-1885ad5 e-con-full e-flex elementor-invisible e-con e-child\" data-id=\"1885ad5\" data-element_type=\"container\" data-settings=\"{&quot;animation&quot;:&quot;fadeInUp&quot;,&quot;animation_delay&quot;:200}\">\n\t\t\t\t<div class=\"elementor-element elementor-element-274cbc1 elementor-widget-mobile__width-inherit elementor-widget elementor-widget-text-editor\" data-id=\"274cbc1\" data-element_type=\"widget\" data-widget_type=\"text-editor.default\">\n\t\t\t\t<div class=\"elementor-widget-container\">\n\t\t\t\t\t\t\t\t\t<p><span style=\"font-weight: 400;\">Olyan term\u00e9keket tervez\u00fcnk, gy\u00e1rtunk \u00e9s sz\u00e1ll\u00edtunk, amelyek:<\/span><\/p>\t\t\t\t\t\t\t\t<\/div>\n\t\t\t\t<\/div>\n\t\t\t\t<div class=\"elementor-element elementor-element-d707824 elementor-icon-list--layout-traditional elementor-list-item-link-full_width elementor-widget elementor-widget-icon-list\" data-id=\"d707824\" data-element_type=\"widget\" data-widget_type=\"icon-list.default\">\n\t\t\t\t<div class=\"elementor-widget-container\">\n\t\t\t\t\t\t\t<ul class=\"elementor-icon-list-items\">\n\t\t\t\t\t\t\t<li class=\"elementor-icon-list-item\">\n\t\t\t\t\t\t\t\t\t\t\t<span class=\"elementor-icon-list-icon\">\n\t\t\t\t\t\t\t<i aria-hidden=\"true\" class=\"phl phlight-arrow-elbow-down-right\"><\/i>\t\t\t\t\t\t<\/span>\n\t\t\t\t\t\t\t\t\t\t<span class=\"elementor-icon-list-text\"><b>Mozg\u00e9konyan az \u00e9len<\/b><br> Rugalmas \u00e9s k\u00e9pes k\u00fcl\u00f6nb\u00f6z\u0151 alkalmaz\u00e1sok telep\u00edt\u00e9s\u00e9re egyetlen rendszeren a felhaszn\u00e1l\u00e1si esett\u0151l vagy k\u00f6r\u00fclm\u00e9nyekt\u0151l f\u00fcgg\u0151en.<\/span>\n\t\t\t\t\t\t\t\t\t<\/li>\n\t\t\t\t\t\t\t\t<li class=\"elementor-icon-list-item\">\n\t\t\t\t\t\t\t\t\t\t\t<span class=\"elementor-icon-list-icon\">\n\t\t\t\t\t\t\t<i aria-hidden=\"true\" class=\"phl phlight-arrow-elbow-down-right\"><\/i>\t\t\t\t\t\t<\/span>\n\t\t\t\t\t\t\t\t\t\t<span class=\"elementor-icon-list-text\"><b>Modul\u00e1ris. Alkalmazkod\u00f3. Terep-k\u00e9sz.<\/b><br> A cser\u00e9lhet\u0151, hitelk\u00e1rtya m\u00e9ret\u0171 Compute Cards m\u00e1sodpercek alatt friss\u00edthet\u0151 vagy cser\u00e9lhet\u0151. Nincs \u00e1ll\u00e1sid\u0151. Nincsenek szakemberek.<\/span>\n\t\t\t\t\t\t\t\t\t<\/li>\n\t\t\t\t\t\t\t\t<li class=\"elementor-icon-list-item\">\n\t\t\t\t\t\t\t\t\t\t\t<span class=\"elementor-icon-list-icon\">\n\t\t\t\t\t\t\t<i aria-hidden=\"true\" class=\"phl phlight-arrow-elbow-down-right\"><\/i>\t\t\t\t\t\t<\/span>\n\t\t\t\t\t\t\t\t\t\t<span class=\"elementor-icon-list-text\"><b>Gyors telep\u00edt\u00e9s. Run Hard.<\/b><br> K\u00f6nny\u0171, minden egyben k\u00e9sz\u00fcl\u00e9k. Kevesebb mint \u00f6t perc alatt \u00fczembe helyezhet\u0151 - nulla bonyolults\u00e1g.<\/span>\n\t\t\t\t\t\t\t\t\t<\/li>\n\t\t\t\t\t\t\t\t<li class=\"elementor-icon-list-item\">\n\t\t\t\t\t\t\t\t\t\t\t<span class=\"elementor-icon-list-icon\">\n\t\t\t\t\t\t\t<i aria-hidden=\"true\" class=\"phl phlight-arrow-elbow-down-right\"><\/i>\t\t\t\t\t\t<\/span>\n\t\t\t\t\t\t\t\t\t\t<span class=\"elementor-icon-list-text\"><b>Biztons\u00e1gos a kezdetekt\u0151l fogva<\/b><br> Titkos\u00edtott, hamis\u00edt\u00e1s\u00e1ll\u00f3 \u00e9s elt\u00e1vol\u00edthat\u00f3. Az adatok mozg\u00e1sban, nyugalomban \u00e9s nyom\u00e1s alatt t\u00f6rt\u00e9n\u0151 v\u00e9delm\u00e9re tervezt\u00e9k.<\/span>\n\t\t\t\t\t\t\t\t\t<\/li>\n\t\t\t\t\t\t\t\t<li class=\"elementor-icon-list-item\">\n\t\t\t\t\t\t\t\t\t\t\t<span class=\"elementor-icon-list-icon\">\n\t\t\t\t\t\t\t<i aria-hidden=\"true\" class=\"phl phlight-arrow-elbow-down-right\"><\/i>\t\t\t\t\t\t<\/span>\n\t\t\t\t\t\t\t\t\t\t<span class=\"elementor-icon-list-text\"><b>Power Smart. Tov\u00e1bb.<\/b><br> Ultrahat\u00e9kony, nincs sz\u00fcks\u00e9g hagyom\u00e1nyos h\u0171t\u00e9sre. Hosszabb \u00fczemid\u0151re optimaliz\u00e1lt, korl\u00e1tozott energiaell\u00e1t\u00e1s\u00fa k\u00f6rnyezetben.<\/span>\n\t\t\t\t\t\t\t\t\t<\/li>\n\t\t\t\t\t\t<\/ul>\n\t\t\t\t\t\t<\/div>\n\t\t\t\t<\/div>\n\t\t\t\t<\/div>\n\t\t\t\t\t<\/div>\n\t\t\t\t<\/div>\n\t\t<div class=\"elementor-element elementor-element-3e88c3d e-flex e-con-boxed e-con e-parent\" data-id=\"3e88c3d\" data-element_type=\"container\" data-settings=\"{&quot;background_background&quot;:&quot;classic&quot;}\">\n\t\t\t\t\t<div class=\"e-con-inner\">\n\t\t<div class=\"elementor-element elementor-element-5d08810 e-con-full e-flex elementor-invisible e-con e-child\" data-id=\"5d08810\" data-element_type=\"container\" data-settings=\"{&quot;animation&quot;:&quot;fadeInUp&quot;}\">\n\t\t\t\t<div class=\"elementor-element elementor-element-e9c1c31 elementor-widget elementor-widget-heading\" data-id=\"e9c1c31\" data-element_type=\"widget\" data-widget_type=\"heading.default\">\n\t\t\t\t<div class=\"elementor-widget-container\">\n\t\t\t\t\t<h2 class=\"elementor-heading-title elementor-size-default\">Mi\u00e9rt <b>TYTYN<\/b><\/h2>\t\t\t\t<\/div>\n\t\t\t\t<\/div>\n\t\t\t\t<div class=\"elementor-element elementor-element-66fb23a elementor-icon-list--layout-traditional elementor-list-item-link-full_width elementor-widget elementor-widget-icon-list\" data-id=\"66fb23a\" data-element_type=\"widget\" data-widget_type=\"icon-list.default\">\n\t\t\t\t<div class=\"elementor-widget-container\">\n\t\t\t\t\t\t\t<ul class=\"elementor-icon-list-items\">\n\t\t\t\t\t\t\t<li class=\"elementor-icon-list-item\">\n\t\t\t\t\t\t\t\t\t\t\t<span class=\"elementor-icon-list-icon\">\n\t\t\t\t\t\t\t<i aria-hidden=\"true\" class=\"uic ms-Icon--CheckMark\"><\/i>\t\t\t\t\t\t<\/span>\n\t\t\t\t\t\t\t\t\t\t<span class=\"elementor-icon-list-text\">Rendk\u00edv\u00fcl kompakt \u00e9s k\u00f6nny\u0171<\/span>\n\t\t\t\t\t\t\t\t\t<\/li>\n\t\t\t\t\t\t\t\t<li class=\"elementor-icon-list-item\">\n\t\t\t\t\t\t\t\t\t\t\t<span class=\"elementor-icon-list-icon\">\n\t\t\t\t\t\t\t<i aria-hidden=\"true\" class=\"uic ms-Icon--CheckMark\"><\/i>\t\t\t\t\t\t<\/span>\n\t\t\t\t\t\t\t\t\t\t<span class=\"elementor-icon-list-text\">K\u00f6nnyen haszn\u00e1lhat\u00f3 - percek alatt telep\u00edthet\u0151, nincs sz\u00fcks\u00e9g szakemberekre<\/span>\n\t\t\t\t\t\t\t\t\t<\/li>\n\t\t\t\t\t\t\t\t<li class=\"elementor-icon-list-item\">\n\t\t\t\t\t\t\t\t\t\t\t<span class=\"elementor-icon-list-icon\">\n\t\t\t\t\t\t\t<i aria-hidden=\"true\" class=\"uic ms-Icon--CheckMark\"><\/i>\t\t\t\t\t\t<\/span>\n\t\t\t\t\t\t\t\t\t\t<span class=\"elementor-icon-list-text\">Alkalmazkod\u00f3, cser\u00e9lhet\u0151 sz\u00e1m\u00edt\u00e1si kapacit\u00e1s<\/span>\n\t\t\t\t\t\t\t\t\t<\/li>\n\t\t\t\t\t\t\t\t<li class=\"elementor-icon-list-item\">\n\t\t\t\t\t\t\t\t\t\t\t<span class=\"elementor-icon-list-icon\">\n\t\t\t\t\t\t\t<i aria-hidden=\"true\" class=\"uic ms-Icon--CheckMark\"><\/i>\t\t\t\t\t\t<\/span>\n\t\t\t\t\t\t\t\t\t\t<span class=\"elementor-icon-list-text\">Energiahat\u00e9kony \u00e9s strapab\u00edr\u00f3<\/span>\n\t\t\t\t\t\t\t\t\t<\/li>\n\t\t\t\t\t\t\t\t<li class=\"elementor-icon-list-item\">\n\t\t\t\t\t\t\t\t\t\t\t<span class=\"elementor-icon-list-icon\">\n\t\t\t\t\t\t\t<i aria-hidden=\"true\" class=\"uic ms-Icon--CheckMark\"><\/i>\t\t\t\t\t\t<\/span>\n\t\t\t\t\t\t\t\t\t\t<span class=\"elementor-icon-list-text\">Mobil \u00e9s auton\u00f3m - Nincs rack, nincs felh\u0151f\u00fcgg\u0151s\u00e9g<\/span>\n\t\t\t\t\t\t\t\t\t<\/li>\n\t\t\t\t\t\t\t\t<li class=\"elementor-icon-list-item\">\n\t\t\t\t\t\t\t\t\t\t\t<span class=\"elementor-icon-list-icon\">\n\t\t\t\t\t\t\t<i aria-hidden=\"true\" class=\"uic ms-Icon--CheckMark\"><\/i>\t\t\t\t\t\t<\/span>\n\t\t\t\t\t\t\t\t\t\t<span class=\"elementor-icon-list-text\">Szoftver-agnosztikus - k\u00f6nnyen integr\u00e1lhat\u00f3 \u00e9s interoper\u00e1bilis<\/span>\n\t\t\t\t\t\t\t\t\t<\/li>\n\t\t\t\t\t\t\t\t<li class=\"elementor-icon-list-item\">\n\t\t\t\t\t\t\t\t\t\t\t<span class=\"elementor-icon-list-icon\">\n\t\t\t\t\t\t\t<i aria-hidden=\"true\" class=\"uic ms-Icon--CheckMark\"><\/i>\t\t\t\t\t\t<\/span>\n\t\t\t\t\t\t\t\t\t\t<span class=\"elementor-icon-list-text\">Kvantum biztons\u00e1gos titkos\u00edt\u00e1s a teljes h\u00e1l\u00f3zatban<\/span>\n\t\t\t\t\t\t\t\t\t<\/li>\n\t\t\t\t\t\t\t\t<li class=\"elementor-icon-list-item\">\n\t\t\t\t\t\t\t\t\t\t\t<span class=\"elementor-icon-list-icon\">\n\t\t\t\t\t\t\t<i aria-hidden=\"true\" class=\"uic ms-Icon--CheckMark\"><\/i>\t\t\t\t\t\t<\/span>\n\t\t\t\t\t\t\t\t\t\t<span class=\"elementor-icon-list-text\">K\u00f6t\u00f6tt \u00fatv\u00e1laszt\u00e1s a tart\u00f3s \u00f6sszek\u00f6ttet\u00e9shez<\/span>\n\t\t\t\t\t\t\t\t\t<\/li>\n\t\t\t\t\t\t<\/ul>\n\t\t\t\t\t\t<\/div>\n\t\t\t\t<\/div>\n\t\t\t\t<\/div>\n\t\t<div class=\"elementor-element elementor-element-533945b e-con-full e-flex elementor-invisible e-con e-child\" data-id=\"533945b\" data-element_type=\"container\" id=\"contact-form\" data-settings=\"{&quot;animation&quot;:&quot;fadeInUp&quot;,&quot;animation_delay&quot;:200}\">\n\t\t\t\t<div class=\"elementor-element elementor-element-9e1c375 elementor-widget-mobile__width-inherit elementor-widget elementor-widget-text-editor\" data-id=\"9e1c375\" data-element_type=\"widget\" data-widget_type=\"text-editor.default\">\n\t\t\t\t<div class=\"elementor-widget-container\">\n\t\t\t\t\t\t\t\t\t<p>A sz\u00e9lre \u00e9p\u00fclt. K\u00e9szen \u00e1ll a k\u00fcldet\u00e9sre. <br \/>Olyan emberek \u00e1ltal m\u0171k\u00f6dtetett, akik a val\u00f3 vil\u00e1gban tev\u00e9kenykednek.<\/p>\t\t\t\t\t\t\t\t<\/div>\n\t\t\t\t<\/div>\n\t\t\t\t<div class=\"elementor-element elementor-element-5adaed2 elementor-widget__width-inherit elementor-button-align-stretch elementor-widget elementor-widget-form\" data-id=\"5adaed2\" data-element_type=\"widget\" data-settings=\"{&quot;step_next_label&quot;:&quot;Next&quot;,&quot;step_previous_label&quot;:&quot;Previous&quot;,&quot;button_width&quot;:&quot;100&quot;,&quot;step_type&quot;:&quot;number_text&quot;,&quot;step_icon_shape&quot;:&quot;circle&quot;}\" data-widget_type=\"form.default\">\n\t\t\t\t<div class=\"elementor-widget-container\">\n\t\t\t\t\t\t\t<form class=\"elementor-form\" method=\"post\" name=\"New Form\" action=\"\">\n\t\t\t<input type=\"hidden\" name=\"post_id\" value=\"1053\"\/>\n\t\t\t<input type=\"hidden\" name=\"form_id\" value=\"5adaed2\"\/>\n\t\t\t<input type=\"hidden\" name=\"referer_title\" value=\"Mission\" \/>\n\n\t\t\t\t\t\t\t<input type=\"hidden\" name=\"queried_id\" value=\"1053\"\/>\n\t\t\t\n\t\t\t<div class=\"elementor-form-fields-wrapper elementor-labels-above\">\n\t\t\t\t\t\t\t\t<div class=\"elementor-field-type-text elementor-field-group elementor-column elementor-field-group-name elementor-col-50\">\n\t\t\t\t\t\t\t\t\t\t\t\t<label for=\"form-field-name\" class=\"elementor-field-label\">\n\t\t\t\t\t\t\t\tN\u00e9v\t\t\t\t\t\t\t<\/label>\n\t\t\t\t\t\t\t\t\t\t\t\t\t\t<input size=\"1\" type=\"text\" name=\"form_fields[name]\" id=\"form-field-name\" class=\"elementor-field elementor-size-xl  elementor-field-textual\" placeholder=\"N\u00e9v\">\n\t\t\t\t\t\t\t\t\t\t\t<\/div>\n\t\t\t\t\t\t\t\t<div class=\"elementor-field-type-email elementor-field-group elementor-column elementor-field-group-email elementor-col-50 elementor-field-required\">\n\t\t\t\t\t\t\t\t\t\t\t\t<label for=\"form-field-email\" class=\"elementor-field-label\">\n\t\t\t\t\t\t\t\tE-mail\t\t\t\t\t\t\t<\/label>\n\t\t\t\t\t\t\t\t\t\t\t\t\t\t<input size=\"1\" type=\"email\" name=\"form_fields[email]\" id=\"form-field-email\" class=\"elementor-field elementor-size-xl  elementor-field-textual\" placeholder=\"E-mail\" required=\"required\">\n\t\t\t\t\t\t\t\t\t\t\t<\/div>\n\t\t\t\t\t\t\t\t<div class=\"elementor-field-type-textarea elementor-field-group elementor-column elementor-field-group-message elementor-col-100\">\n\t\t\t\t\t\t\t\t\t\t\t\t<label for=\"form-field-message\" class=\"elementor-field-label\">\n\t\t\t\t\t\t\t\t\u00dczenet\t\t\t\t\t\t\t<\/label>\n\t\t\t\t\t\t<textarea class=\"elementor-field-textual elementor-field  elementor-size-xl\" name=\"form_fields[message]\" id=\"form-field-message\" rows=\"1\" placeholder=\"\u00dczenet\"><\/textarea>\t\t\t\t<\/div>\n\t\t\t\t\t\t\t\t<div class=\"elementor-field-type-recaptcha elementor-field-group elementor-column elementor-field-group-field_bf5b4f7 elementor-col-100\">\n\t\t\t\t\t<div class=\"elementor-field\" id=\"form-field-field_bf5b4f7\"><div class=\"elementor-g-recaptcha\" data-sitekey=\"6Ld-ywwsAAAAAKo70n3bFNa6lLdqfFbv9oIkrUx1\" data-type=\"v2_checkbox\" data-theme=\"light\" data-size=\"normal\"><\/div><\/div>\t\t\t\t<\/div>\n\t\t\t\t\t\t\t\t<div class=\"elementor-field-group elementor-column elementor-field-type-submit elementor-col-100 e-form__buttons\">\n\t\t\t\t\t<button class=\"elementor-button elementor-size-lg\" type=\"submit\">\n\t\t\t\t\t\t<span class=\"elementor-button-content-wrapper\">\n\t\t\t\t\t\t\t\t\t\t\t\t\t\t\t<span class=\"elementor-button-icon\">\n\t\t\t\t\t\t\t\t\t<i aria-hidden=\"true\" class=\"feather feather-send\"><\/i>\t\t\t\t\t\t\t\t\t\t\t\t\t\t\t\t\t<\/span>\n\t\t\t\t\t\t\t\t\t\t\t\t\t\t\t\t\t\t\t\t\t\t<span class=\"elementor-button-text\">Reach Out Now<\/span>\n\t\t\t\t\t\t\t\t\t\t\t\t\t<\/span>\n\t\t\t\t\t<\/button>\n\t\t\t\t<\/div>\n\t\t\t<\/div>\n\t\t<input type=\"hidden\" name=\"trp-form-language\" value=\"hu\"\/><\/form>\n\t\t\t\t\t\t<\/div>\n\t\t\t\t<\/div>\n\t\t\t\t<\/div>\n\t\t\t\t\t<\/div>\n\t\t\t\t<\/div>\n\t\t\t\t<\/div>","protected":false},"excerpt":{"rendered":"<p>Mission &amp; Philosophy Mission TYTYN delivers communication and intelligence to the edge\u2014compact, secure, and flexible. At the heart of our platform is a simple idea: TYTYN products should be based around real user needs. Our platforms combine compute, AI, and communications into lightweight, easy-to-use systems that deploy in minutes and operate in the world\u2019s most [&hellip;]<\/p>","protected":false},"author":1,"featured_media":0,"parent":0,"menu_order":0,"comment_status":"closed","ping_status":"closed","template":"","meta":{"footnotes":""},"class_list":["post-1053","page","type-page","status-publish","hentry"],"_links":{"self":[{"href":"https:\/\/tytyn.io\/hu\/wp-json\/wp\/v2\/pages\/1053","targetHints":{"allow":["GET"]}}],"collection":[{"href":"https:\/\/tytyn.io\/hu\/wp-json\/wp\/v2\/pages"}],"about":[{"href":"https:\/\/tytyn.io\/hu\/wp-json\/wp\/v2\/types\/page"}],"author":[{"embeddable":true,"href":"https:\/\/tytyn.io\/hu\/wp-json\/wp\/v2\/users\/1"}],"replies":[{"embeddable":true,"href":"https:\/\/tytyn.io\/hu\/wp-json\/wp\/v2\/comments?post=1053"}],"version-history":[{"count":0,"href":"https:\/\/tytyn.io\/hu\/wp-json\/wp\/v2\/pages\/1053\/revisions"}],"wp:attachment":[{"href":"https:\/\/tytyn.io\/hu\/wp-json\/wp\/v2\/media?parent=1053"}],"curies":[{"name":"wp","href":"https:\/\/api.w.org\/{rel}","templated":true}]}}